{"id":1825,"date":"2022-03-31T15:49:30","date_gmt":"2022-03-31T13:49:30","guid":{"rendered":"https:\/\/www.oelart.de\/?page_id=1825"},"modified":"2026-04-03T15:16:03","modified_gmt":"2026-04-03T13:16:03","slug":"datenschutzerklaerung","status":"publish","type":"page","link":"https:\/\/www.oelart.de\/en\/datenschutzerklaerung\/","title":{"rendered":"Datenschutzerkl\u00e4rung"},"content":{"rendered":"<h3>Verantwortlich f\u00fcr die Datenverarbeitung auf dieser Webseite:<\/h3>\n<h3>Torsten Oelschl\u00e4gel<br \/>\nDuttenhoferstr. 43<br \/>\n72622 N\u00fcrtingen<br \/>\nDeutschland<\/h3>\n<h2>Erfassung von Daten (Server-Logfiles)<\/h2>\n<h3>Mein Hostinganbieter erhebt bei jedem Zugriff auf diese Webseite automatisch Informationen, die Ihr Browser \u00fcbermittelt (Server-Logfiles). Dazu geh\u00f6ren: Besuchte Seite, Uhrzeit, \u00fcbertragene Datenmenge, Referrer-URL (von welcher Seite Sie kommen), Browsertyp\/Version und Betriebssystem. Eine Zusammenf\u00fchrung dieser Daten mit anderen Datenquellen wird nicht vorgenommen.<\/h3>\n<h2>Reichweitenmessung mit Statify<\/h2>\n<h3>Diese Webseite nutzt das Plugin \u201eStatify\u201c zur statistischen Auswertung. Statify ist besonders datenschutzfreundlich, da es **keine Cookies** setzt und **keine IP-Adressen** speichert. Die Z\u00e4hlung der Aufrufe erfolgt vollkommen anonym und lokal auf meinem Server. Es werden keine Daten an Dritte oder in Drittstaaten \u00fcbertragen.<\/h3>\n<h2>Kommentarfunktion<\/h2>\n<h3>Wenn Sie auf dieser Webseite einen Kommentar hinterlassen, werden neben dem Kommentar auch Angaben zum Zeitpunkt der Erstellung und der von Ihnen gew\u00e4hlte Nutzername gespeichert. Die Angabe einer E-Mail-Adresse ist f\u00fcr die Nutzung der Kommentarfunktion technisch erforderlich, wird jedoch nicht ver\u00f6ffentlicht. Diese Daten werden ausschlie\u00dflich zur Verwaltung der Kommentare verwendet und nicht an Dritte weitergegeben.<\/h3>\n<h2>Antispam Bee<\/h2>\n<h3>Um Kommentare auf Spam zu pr\u00fcfen, nutze ich das Plugin \u201eAntispam Bee\u201c. Dieses arbeitet lokal auf meinem Server und gleicht Daten nicht mit externen Datenbanken ab. Es werden keine personenbezogenen Daten an Dritte \u00fcbermittelt.<\/h3>\n<h2>Ihre Rechte<\/h2>\n<h3>Sie haben jederzeit das Recht auf unentgeltliche Auskunft \u00fcber Ihre gespeicherten personenbezogenen Daten sowie ein Recht auf Berichtigung oder L\u00f6schung dieser Daten. Bei Fragen wenden Sie sich bitte an die im Impressum angegebene E-Mail-Adresse.<\/h3>\n","protected":false},"excerpt":{"rendered":"<p>Verantwortlich f\u00fcr die Datenverarbeitung auf dieser Webseite: Torsten Oelschl\u00e4gel Duttenhoferstr. 43 72622 N\u00fcrtingen Deutschland Erfassung von Daten (Server-Logfiles) Mein Hostinganbieter erhebt bei jedem Zugriff auf diese Webseite automatisch Informationen, die Ihr Browser \u00fcbermittelt (Server-Logfiles). Dazu geh\u00f6ren: Besuchte Seite, Uhrzeit, \u00fcbertragene Datenmenge, Referrer-URL (von welcher Seite Sie kommen), Browsertyp\/Version und Betriebssystem&#8230;.<\/p>\n<p> <a class=\"continue-reading-link\" href=\"https:\/\/www.oelart.de\/en\/datenschutzerklaerung\/\"><span>Continue reading<\/span><i class=\"crycon-right-dir\"><\/i><\/a> <\/p>\n","protected":false},"author":1,"featured_media":0,"parent":0,"menu_order":0,"comment_status":"closed","ping_status":"closed","template":"","meta":{"footnotes":""},"class_list":["post-1825","page","type-page","status-publish","hentry"],"translation":{"provider":"WPGlobus","version":"3.0.2","language":"en","enabled_languages":["de","en"],"languages":{"de":{"title":true,"content":true,"excerpt":false},"en":{"title":false,"content":false,"excerpt":false}}},"_links":{"self":[{"href":"https:\/\/www.oelart.de\/en\/wp-json\/wp\/v2\/pages\/1825","targetHints":{"allow":["GET"]}}],"collection":[{"href":"https:\/\/www.oelart.de\/en\/wp-json\/wp\/v2\/pages"}],"about":[{"href":"https:\/\/www.oelart.de\/en\/wp-json\/wp\/v2\/types\/page"}],"author":[{"embeddable":true,"href":"https:\/\/www.oelart.de\/en\/wp-json\/wp\/v2\/users\/1"}],"replies":[{"embeddable":true,"href":"https:\/\/www.oelart.de\/en\/wp-json\/wp\/v2\/comments?post=1825"}],"version-history":[{"count":7,"href":"https:\/\/www.oelart.de\/en\/wp-json\/wp\/v2\/pages\/1825\/revisions"}],"predecessor-version":[{"id":15183,"href":"https:\/\/www.oelart.de\/en\/wp-json\/wp\/v2\/pages\/1825\/revisions\/15183"}],"wp:attachment":[{"href":"https:\/\/www.oelart.de\/en\/wp-json\/wp\/v2\/media?parent=1825"}],"curies":[{"name":"wp","href":"https:\/\/api.w.org\/{rel}","templated":true}]}}