{"id":10782,"date":"2025-01-25T15:41:27","date_gmt":"2025-01-25T14:41:27","guid":{"rendered":"https:\/\/www.oelart.de\/?page_id=10782"},"modified":"2025-01-25T16:04:01","modified_gmt":"2025-01-25T15:04:01","slug":"kanaren","status":"publish","type":"page","link":"https:\/\/www.oelart.de\/en\/kanaren\/","title":{"rendered":"Kanaren"},"content":{"rendered":"    <div id=\"bwg_container1_0\"         class=\"bwg_container bwg_thumbnail bwg_album_extended_preview bwg_thumbnail\"         data-right-click-protection=\"1\"         data-bwg=\"0\"         data-scroll=\"0\"         data-gallery-type=\"album_extended_preview\"         data-gallery-view-type=\"thumbnail\"         data-current-url=\"\/en\/wp-json\/wp\/v2\/pages\/10782\"         data-lightbox-url=\"https:\/\/www.oelart.de\/wp-admin\/admin-ajax.php?action=GalleryBox&#038;current_view=0&#038;gallery_id=0&#038;tag=0&#038;theme_id=3&#038;shortcode_id=154&#038;sort_by=order&#038;order_by=asc&#038;current_url=%2Fen%2Fwp-json%2Fwp%2Fv2%2Fpages%2F10782\"         data-gallery-id=\"0\"         data-popup-width=\"800\"         data-popup-height=\"500\"         data-is-album=\"album\"         data-buttons-position=\"bottom\">      <div id=\"bwg_container2_0\">             <div id=\"ajax_loading_0\" class=\"bwg_loading_div_1\">      <div class=\"bwg_loading_div_2\">        <div class=\"bwg_loading_div_3\">          <div id=\"loading_div_0\" class=\"bwg_spider_ajax_loading\">          <\/div>        <\/div>      <\/div>    <\/div>            <form id=\"gal_front_form_0\"              class=\"bwg-hidden\"              method=\"post\"              action=\"#\"              data-current=\"0\"              data-shortcode-id=\"154\"              data-gallery-type=\"album_extended_preview\"              data-gallery-id=\"0\"              data-tag=\"0\"              data-album-id=\"6\"              data-theme-id=\"3\"              data-ajax-url=\"https:\/\/www.oelart.de\/wp-admin\/admin-ajax.php?action=bwg_frontend_data\">          <div id=\"bwg_container3_0\" class=\"bwg-background bwg-background-0\">                  <span class=\"bwg_nav_cont_0\">              <div class=\"tablenav-pages_0\">                      <span class=\"displaying-num_0\">4  item(s)<\/span>                    <\/div>                <input type=\"hidden\" id=\"page_number_0\" name=\"page_number_0\" value=\"1\" \/>      <script type=\"text\/javascript\">        if( jQuery('.bwg_nav_cont_0').length > 1 ) {          jQuery('.bwg_nav_cont_0').first().remove()        }        function spider_page_0(cur, x, y, load_more) {          if (typeof load_more == \"undefined\") {            var load_more = false;          }          if (jQuery(cur).hasClass('disabled')) {            return false;          }          var items_county_0 = 1;          switch (y) {            case 1:              if (x >= items_county_0) {                document.getElementById('page_number_0').value = items_county_0;              }              else {                document.getElementById('page_number_0').value = x + 1;              }              break;            case 2:              document.getElementById('page_number_0').value = items_county_0;              break;            case -1:              if (x == 1) {                document.getElementById('page_number_0').value = 1;              }              else {                document.getElementById('page_number_0').value = x - 1;              }              break;            case -2:              document.getElementById('page_number_0').value = 1;              break;\t\t\t\t\t\tcase 0:              document.getElementById('page_number_0').value = x;              break;            default:              document.getElementById('page_number_0').value = 1;          }          bwg_ajax('gal_front_form_0', '0', 'bwg_album_extended_0', '6', '', 'album', 0, '', '', load_more, '', 1);        }                    jQuery('.first-page-0').on('click', function () {              spider_page_0(this, 1, -2, 'numeric');              return false;            });            jQuery('.prev-page-0').on('click', function () {              spider_page_0(this, 1, -1, 'numeric');              return false;            });            jQuery('.next-page-0').on('click', function () {              spider_page_0(this, 1, 1, 'numeric');              return false;            });            jQuery('.last-page-0').on('click', function () {              spider_page_0(this, 1, 2, 'numeric');              return false;            });        \t\t\t\t\/* Change page on input enter. *\/        function bwg_change_page_0( e, that ) {          if (  e.key == 'Enter' ) {            var to_page = parseInt(jQuery(that).val());            var pages_count = jQuery(that).parents(\".pagination-links\").data(\"pages-count\");            var current_url_param = jQuery(that).attr('data-url-info');            if (to_page > pages_count) {              to_page = 1;            }\t \t\t\t\t\t\t\t\t\t\t\t\tspider_page_0(this, to_page, 0, 'numeric');\t\t\t\t\t\t\treturn false;\t\t\t\t\t\t          }          return true;        }        jQuery('.bwg_load_btn_0').on('click', function () {            spider_page_0(this, 1, 1, true);            return false;        });      <\/script>      <\/span>            <div data-max-count=\"2\"           data-thumbnail-width=\"357\"           data-global-spacing=\"10px auto\"           data-spacing=\"2\"           data-bwg=\"0\"           id=\"bwg_album_extended_0\"           class=\"bwg-album-extended bwg-border-box bwg-thumbnails bwg-container bwg-container-0 bwg-album-thumbnails bwg_album_extended_thumbnails_0\">                  <div class=\"bwg-extended-item\">            <div class=\"bwg-extended-item0\">              <a class=\"bwg-a bwg-album bwg_album_0\"                href='\/en\/wp-json\/wp\/v2\/pages\/10782?type_0=gallery&#038;album_gallery_id_0=25'                 style=\"font-size: 0;\"                 data-bwg=\"0\"                 data-container_id=\"bwg_album_extended_0\"                 data-alb_gal_id=\"25\"                 data-def_type=\"gallery\"                 data-title=\"Madeira\">                <div class=\"bwg-item0 bwg_album_thumb_0 lazy_loader\">                  <div class=\"bwg-item1 bwg_album_thumb_spun1_0\">                    <div class=\"bwg-item2\">                      <img decoding=\"async\" class=\"skip-lazy  bwg_lazyload \"                           data-width=\"300.00\"                           data-height=\"200.00\"                           data-src=\"https:\/\/www.oelart.de\/\/wp-content\/uploads\/2015\/01\/photo-gallery\/thumb\/DSCF4334.jpg\"                           src=\"https:\/\/www.oelart.de\/wp-content\/plugins\/photo-gallery\/images\/lazy_placeholder.gif\"                           alt=\"Madeira\"                           title=\"Madeira\" \/>                    <\/div>                  <\/div>                <\/div>              <\/a>            <\/div>            <div class=\"bwg-extended-item1\">                              <a class=\"bwg-album bwg_album_0\"                   href='\/en\/wp-json\/wp\/v2\/pages\/10782?type_0=gallery&#038;album_gallery_id_0=25'                   data-bwg=\"0\"                   data-container_id=\"bwg_album_extended_0\"                   data-alb_gal_id=\"25\"                   data-def_type=\"gallery\"                   data-title=\"Madeira\">                  <span class=\"bwg_title_spun_0\">Madeira<\/span>                <\/a>                                  <span class=\"bwg_description_spun1_0\">                <span class=\"bwg_description_short_0\">                  <h3>Madeira, bekannt als \"Blumeninsel\", bietet \u00fcppige Vegetation, spektakul\u00e4re Levadas-Wanderwege und die lebendige Stadt Funchal. Mildes Klima, Atlantik-K\u00fcste und subtropische Flora machen diese portugiesische Insel zu einem Paradies f\u00fcr Natur- und Kulturinteressierte.<\/h3>                <\/span>              <\/span>                              <\/div>          <\/div>                    <div class=\"bwg-extended-item\">            <div class=\"bwg-extended-item0\">              <a class=\"bwg-a bwg-album bwg_album_0\"                href='\/en\/wp-json\/wp\/v2\/pages\/10782?type_0=gallery&#038;album_gallery_id_0=27'                 style=\"font-size: 0;\"                 data-bwg=\"0\"                 data-container_id=\"bwg_album_extended_0\"                 data-alb_gal_id=\"27\"                 data-def_type=\"gallery\"                 data-title=\"Madeira_2024\">                <div class=\"bwg-item0 bwg_album_thumb_0 lazy_loader\">                  <div class=\"bwg-item1 bwg_album_thumb_spun1_0\">                    <div class=\"bwg-item2\">                      <img decoding=\"async\" class=\"skip-lazy  bwg_lazyload \"                           data-width=\"300.00\"                           data-height=\"200.00\"                           data-src=\"https:\/\/www.oelart.de\/\/wp-content\/uploads\/2015\/01\/photo-gallery\/thumb\/Islas_Desertas.jpg\"                           src=\"https:\/\/www.oelart.de\/wp-content\/plugins\/photo-gallery\/images\/lazy_placeholder.gif\"                           alt=\"Madeira_2024\"                           title=\"Madeira_2024\" \/>                    <\/div>                  <\/div>                <\/div>              <\/a>            <\/div>            <div class=\"bwg-extended-item1\">                              <a class=\"bwg-album bwg_album_0\"                   href='\/en\/wp-json\/wp\/v2\/pages\/10782?type_0=gallery&#038;album_gallery_id_0=27'                   data-bwg=\"0\"                   data-container_id=\"bwg_album_extended_0\"                   data-alb_gal_id=\"27\"                   data-def_type=\"gallery\"                   data-title=\"Madeira_2024\">                  <span class=\"bwg_title_spun_0\">Madeira_2024<\/span>                <\/a>                                  <span class=\"bwg_description_spun1_0\">                <span class=\"bwg_description_short_0\">                  <h3>Madeira, die \"Blumeninsel\", bietet \u00fcppige Landschaften, Levadas-Wanderwege und Funchal. Die Desertas-Inseln, unbewohnt und naturschutzgebiet, erweitern das Erlebnis mit ihrer Wildnis, seltenen Tieren und kargen Sch\u00f6nheit. Mildes Klima, Atlantikk\u00fcste und subtropische Pflanzen.<\/h3>                <\/span>              <\/span>                              <\/div>          <\/div>                    <div class=\"bwg-extended-item\">            <div class=\"bwg-extended-item0\">              <a class=\"bwg-a bwg-album bwg_album_0\"                href='\/en\/wp-json\/wp\/v2\/pages\/10782?type_0=gallery&#038;album_gallery_id_0=1'                 style=\"font-size: 0;\"                 data-bwg=\"0\"                 data-container_id=\"bwg_album_extended_0\"                 data-alb_gal_id=\"1\"                 data-def_type=\"gallery\"                 data-title=\"Gran Canaria\">                <div class=\"bwg-item0 bwg_album_thumb_0 lazy_loader\">                  <div class=\"bwg-item1 bwg_album_thumb_spun1_0\">                    <div class=\"bwg-item2\">                      <img decoding=\"async\" class=\"skip-lazy  bwg_lazyload \"                           data-width=\"300.00\"                           data-height=\"225.00\"                           data-src=\"https:\/\/www.oelart.de\/\/wp-content\/uploads\/2015\/01\/photo-gallery\/thumb\/DSCF0160.JPG\"                           src=\"https:\/\/www.oelart.de\/wp-content\/plugins\/photo-gallery\/images\/lazy_placeholder.gif\"                           alt=\"Gran Canaria\"                           title=\"Gran Canaria\" \/>                    <\/div>                  <\/div>                <\/div>              <\/a>            <\/div>            <div class=\"bwg-extended-item1\">                              <a class=\"bwg-album bwg_album_0\"                   href='\/en\/wp-json\/wp\/v2\/pages\/10782?type_0=gallery&#038;album_gallery_id_0=1'                   data-bwg=\"0\"                   data-container_id=\"bwg_album_extended_0\"                   data-alb_gal_id=\"1\"                   data-def_type=\"gallery\"                   data-title=\"Gran Canaria\">                  <span class=\"bwg_title_spun_0\">Gran Canaria<\/span>                <\/a>                                  <span class=\"bwg_description_spun1_0\">                <span class=\"bwg_description_short_0\">                  <h3>Gran Canaria, bietet Vielfalt: Sandd\u00fcnen von Maspalomas, die Berge von Pico de las Nieves, historische St\u00e4dte wie Las Palmas. Das Klima ist mild, Surf- und Wanderm\u00f6glichkeiten sind gro\u00df, und die Kultur ist reich an Einfl\u00fcssen aus Europa, Afrika und Lateinamerika.<\/h3>                <\/span>              <\/span>                              <\/div>          <\/div>                    <div class=\"bwg-extended-item\">            <div class=\"bwg-extended-item0\">              <a class=\"bwg-a bwg-album bwg_album_0\"                href='\/en\/wp-json\/wp\/v2\/pages\/10782?type_0=gallery&#038;album_gallery_id_0=2'                 style=\"font-size: 0;\"                 data-bwg=\"0\"                 data-container_id=\"bwg_album_extended_0\"                 data-alb_gal_id=\"2\"                 data-def_type=\"gallery\"                 data-title=\"Lanzarote\">                <div class=\"bwg-item0 bwg_album_thumb_0 lazy_loader\">                  <div class=\"bwg-item1 bwg_album_thumb_spun1_0\">                    <div class=\"bwg-item2\">                      <img decoding=\"async\" class=\"skip-lazy  bwg_lazyload \"                           data-width=\"300.00\"                           data-height=\"222.00\"                           data-src=\"https:\/\/www.oelart.de\/\/wp-content\/uploads\/2015\/01\/photo-gallery\/thumb\/DSCF2105.jpg\"                           src=\"https:\/\/www.oelart.de\/wp-content\/plugins\/photo-gallery\/images\/lazy_placeholder.gif\"                           alt=\"Lanzarote\"                           title=\"Lanzarote\" \/>                    <\/div>                  <\/div>                <\/div>              <\/a>            <\/div>            <div class=\"bwg-extended-item1\">                              <a class=\"bwg-album bwg_album_0\"                   href='\/en\/wp-json\/wp\/v2\/pages\/10782?type_0=gallery&#038;album_gallery_id_0=2'                   data-bwg=\"0\"                   data-container_id=\"bwg_album_extended_0\"                   data-alb_gal_id=\"2\"                   data-def_type=\"gallery\"                   data-title=\"Lanzarote\">                  <span class=\"bwg_title_spun_0\">Lanzarote<\/span>                <\/a>                                  <span class=\"bwg_description_spun1_0\">                <span class=\"bwg_description_short_0\">                  <h3>Lanzarote, eine vulkanische Kanareninsel, ist bekannt f\u00fcr Timanfaya-Nationalpark und Mondlandschaften. Der Weinbau in Ascheb\u00f6den und die Kunst von C\u00e9sar Manrique pr\u00e4gen die Insel. Mit einem milden Klima, Str\u00e4nden wie Papagayo und Surf-M\u00f6glichkeiten bietet Lanzarote eine einzigartige Mischung aus Natur, Kultur und Freizeit.<\/h3>                <\/span>              <\/span>                              <\/div>          <\/div>                <\/div>          <input type=\"hidden\" id=\"bwg_album_breadcrumb_0\" name=\"bwg_album_breadcrumb_0\" value='[{&quot;id&quot;:&quot;6&quot;,&quot;page&quot;:1}]' \/>              <\/div>        <\/form>                <div id=\"bwg_spider_popup_loading_0\" class=\"bwg_spider_popup_loading\"><\/div>        <div id=\"spider_popup_overlay_0\" class=\"spider_popup_overlay\" onclick=\"spider_destroypopup(1000)\"><\/div>        <input type=\"hidden\" id=\"bwg_random_seed_0\" value=\"934590277\">                <\/div>    <\/div>    <script>      if (document.readyState === 'complete') {        if( typeof bwg_main_ready == 'function' ) {          if ( jQuery(\"#bwg_container1_0\").height() ) {            bwg_main_ready(jQuery(\"#bwg_container1_0\"));          }        }      } else {        document.addEventListener('DOMContentLoaded', function() {          if( typeof bwg_main_ready == 'function' ) {            if ( jQuery(\"#bwg_container1_0\").height() ) {             bwg_main_ready(jQuery(\"#bwg_container1_0\"));            }          }        });      }    <\/script>    \n","protected":false},"excerpt":{"rendered":"<p> <a class=\"continue-reading-link\" href=\"https:\/\/www.oelart.de\/en\/kanaren\/\"><span>Continue reading<\/span><i class=\"crycon-right-dir\"><\/i><\/a> <\/p>\n","protected":false},"author":1,"featured_media":0,"parent":0,"menu_order":0,"comment_status":"closed","ping_status":"closed","template":"templates\/template-onecolumn.php","meta":{"footnotes":""},"class_list":["post-10782","page","type-page","status-publish","hentry"],"translation":{"provider":"WPGlobus","version":"3.0.2","language":"en","enabled_languages":["de","en"],"languages":{"de":{"title":true,"content":true,"excerpt":false},"en":{"title":false,"content":false,"excerpt":false}}},"_links":{"self":[{"href":"https:\/\/www.oelart.de\/en\/wp-json\/wp\/v2\/pages\/10782","targetHints":{"allow":["GET"]}}],"collection":[{"href":"https:\/\/www.oelart.de\/en\/wp-json\/wp\/v2\/pages"}],"about":[{"href":"https:\/\/www.oelart.de\/en\/wp-json\/wp\/v2\/types\/page"}],"author":[{"embeddable":true,"href":"https:\/\/www.oelart.de\/en\/wp-json\/wp\/v2\/users\/1"}],"replies":[{"embeddable":true,"href":"https:\/\/www.oelart.de\/en\/wp-json\/wp\/v2\/comments?post=10782"}],"version-history":[{"count":3,"href":"https:\/\/www.oelart.de\/en\/wp-json\/wp\/v2\/pages\/10782\/revisions"}],"predecessor-version":[{"id":10800,"href":"https:\/\/www.oelart.de\/en\/wp-json\/wp\/v2\/pages\/10782\/revisions\/10800"}],"wp:attachment":[{"href":"https:\/\/www.oelart.de\/en\/wp-json\/wp\/v2\/media?parent=10782"}],"curies":[{"name":"wp","href":"https:\/\/api.w.org\/{rel}","templated":true}]}}