{"id":10767,"date":"2024-11-03T17:27:11","date_gmt":"2024-11-03T16:27:11","guid":{"rendered":"https:\/\/www.oelart.de\/?page_id=10767"},"modified":"2024-11-03T17:32:33","modified_gmt":"2024-11-03T16:32:33","slug":"portugal","status":"publish","type":"page","link":"https:\/\/www.oelart.de\/en\/portugal\/","title":{"rendered":"Portugal"},"content":{"rendered":"<h3>Portugal und Madeira bieten eine faszinierende Mischung aus Geschichte, Kultur und atemberaubender Natur. In Portugal k\u00f6nnen Sie die historischen St\u00e4dte wie Lissabon und Porto erkunden, die f\u00fcr ihre charmanten Gassen, lebhaften M\u00e4rkte und beeindruckende Architektur bekannt sind. Die Algarve im S\u00fcden lockt mit malerischen Str\u00e4nden und dramatischen K\u00fcstenklippen, perfekt f\u00fcr Sonnenanbeter und Naturliebhaber. Madeira, die &#8220;Insel des ewigen Fr\u00fchlings&#8221;, begeistert mit \u00fcppigen Landschaften, exotischen Blumen und spektakul\u00e4ren Wanderrouten entlang der Levadas, den traditionellen Bew\u00e4sserungskan\u00e4len. Besonders das milde Klima und die kulinarischen Spezialit\u00e4ten wie der Madeirawein und die ber\u00fchmten Past\u00e9is de Nata machen diese Region einzigartig. Ob Abenteuer oder Entspannung \u2013 Portugal und Madeira bieten f\u00fcr jeden Geschmack etwas.<\/h3>\n    <div id=\"bwg_container1_0\"         class=\"bwg_container bwg_thumbnail bwg_album_compact_preview bwg_thumbnail\"         data-right-click-protection=\"1\"         data-bwg=\"0\"         data-scroll=\"0\"         data-gallery-type=\"album_compact_preview\"         data-gallery-view-type=\"thumbnail\"         data-current-url=\"\/en\/wp-json\/wp\/v2\/pages\/10767\"         data-lightbox-url=\"https:\/\/www.oelart.de\/wp-admin\/admin-ajax.php?action=GalleryBox&#038;current_view=0&#038;gallery_id=0&#038;tag=0&#038;theme_id=3&#038;shortcode_id=151&#038;sort_by=order&#038;order_by=asc&#038;current_url=%2Fen%2Fwp-json%2Fwp%2Fv2%2Fpages%2F10767\"         data-gallery-id=\"0\"         data-popup-width=\"800\"         data-popup-height=\"500\"         data-is-album=\"album\"         data-buttons-position=\"bottom\">      <div id=\"bwg_container2_0\">             <div id=\"ajax_loading_0\" class=\"bwg_loading_div_1\">      <div class=\"bwg_loading_div_2\">        <div class=\"bwg_loading_div_3\">          <div id=\"loading_div_0\" class=\"bwg_spider_ajax_loading\">          <\/div>        <\/div>      <\/div>    <\/div>            <form id=\"gal_front_form_0\"              class=\"bwg-hidden\"              method=\"post\"              action=\"#\"              data-current=\"0\"              data-shortcode-id=\"151\"              data-gallery-type=\"album_compact_preview\"              data-gallery-id=\"0\"              data-tag=\"0\"              data-album-id=\"5\"              data-theme-id=\"3\"              data-ajax-url=\"https:\/\/www.oelart.de\/wp-admin\/admin-ajax.php?action=bwg_frontend_data\">          <div id=\"bwg_container3_0\" class=\"bwg-background bwg-background-0\">                  <span class=\"bwg_nav_cont_0\">              <div class=\"tablenav-pages_0\">                      <span class=\"displaying-num_0\">3  item(s)<\/span>                    <\/div>                <input type=\"hidden\" id=\"page_number_0\" name=\"page_number_0\" value=\"1\" \/>      <script type=\"text\/javascript\">        if( jQuery('.bwg_nav_cont_0').length > 1 ) {          jQuery('.bwg_nav_cont_0').first().remove()        }        function spider_page_0(cur, x, y, load_more) {          if (typeof load_more == \"undefined\") {            var load_more = false;          }          if (jQuery(cur).hasClass('disabled')) {            return false;          }          var items_county_0 = 1;          switch (y) {            case 1:              if (x >= items_county_0) {                document.getElementById('page_number_0').value = items_county_0;              }              else {                document.getElementById('page_number_0').value = x + 1;              }              break;            case 2:              document.getElementById('page_number_0').value = items_county_0;              break;            case -1:              if (x == 1) {                document.getElementById('page_number_0').value = 1;              }              else {                document.getElementById('page_number_0').value = x - 1;              }              break;            case -2:              document.getElementById('page_number_0').value = 1;              break;\t\t\t\t\t\tcase 0:              document.getElementById('page_number_0').value = x;              break;            default:              document.getElementById('page_number_0').value = 1;          }          bwg_ajax('gal_front_form_0', '0', 'bwg_album_compact_0', '5', '', 'album', 0, '', '', load_more, '', 1);        }                    jQuery('.first-page-0').on('click', function () {              spider_page_0(this, 1, -2, 'numeric');              return false;            });            jQuery('.prev-page-0').on('click', function () {              spider_page_0(this, 1, -1, 'numeric');              return false;            });            jQuery('.next-page-0').on('click', function () {              spider_page_0(this, 1, 1, 'numeric');              return false;            });            jQuery('.last-page-0').on('click', function () {              spider_page_0(this, 1, 2, 'numeric');              return false;            });        \t\t\t\t\/* Change page on input enter. *\/        function bwg_change_page_0( e, that ) {          if (  e.key == 'Enter' ) {            var to_page = parseInt(jQuery(that).val());            var pages_count = jQuery(that).parents(\".pagination-links\").data(\"pages-count\");            var current_url_param = jQuery(that).attr('data-url-info');            if (to_page > pages_count) {              to_page = 1;            }\t \t\t\t\t\t\t\t\t\t\t\t\tspider_page_0(this, to_page, 0, 'numeric');\t\t\t\t\t\t\treturn false;\t\t\t\t\t\t          }          return true;        }        jQuery('.bwg_load_btn_0').on('click', function () {            spider_page_0(this, 1, 1, true);            return false;        });      <\/script>      <\/span>          <div data-max-count=\"5\"         data-thumbnail-width=\"200\"         data-bwg=\"0\"         id=\"bwg_album_compact_0\"         class=\"bwg-thumbnails bwg-container bwg-container-0 bwg-album-thumbnails bwg_album_thumbnails_0\">              <div class=\"bwg-item\">          <a class=\"bwg-a bwg-album bwg_album_0\"             href='\/en\/wp-json\/wp\/v2\/pages\/10767?type_0=gallery&#038;album_gallery_id_0=17'                          data-container_id=\"bwg_album_compact_0\"             data-def_type=\"gallery\"             data-album_gallery_id=\"5\"             data-alb_gal_id=\"17\"             data-title=\"Algarve\"             data-bwg=\"0\">                        <div class=\"bwg-item0 lazy_loader\">              <div class=\"bwg-item1 \">                <div class=\"bwg-item2\">                  <img decoding=\"async\" class=\"skip-lazy  bwg_lazyload \"                       data-width=\"300.00\"                       data-height=\"200.00\"                       data-src=\"https:\/\/www.oelart.de\/\/wp-content\/uploads\/2015\/01\/photo-gallery\/Portugal\/thumb\/Muscheln.jpg\"                       src=\"https:\/\/www.oelart.de\/wp-content\/plugins\/photo-gallery\/images\/lazy_placeholder.gif\"                       alt=\"Algarve\"                       title=\"Algarve\" \/>                <\/div>                <div class=\"\">                  <div class=\"bwg-title1\"><div class=\"bwg-title2\">Algarve<\/div><\/div>                <\/div>              <\/div>            <\/div>                      <\/a>        <\/div>                <div class=\"bwg-item\">          <a class=\"bwg-a bwg-album bwg_album_0\"             href='\/en\/wp-json\/wp\/v2\/pages\/10767?type_0=gallery&#038;album_gallery_id_0=25'                          data-container_id=\"bwg_album_compact_0\"             data-def_type=\"gallery\"             data-album_gallery_id=\"5\"             data-alb_gal_id=\"25\"             data-title=\"Madeira\"             data-bwg=\"0\">                        <div class=\"bwg-item0 lazy_loader\">              <div class=\"bwg-item1 \">                <div class=\"bwg-item2\">                  <img decoding=\"async\" class=\"skip-lazy  bwg_lazyload \"                       data-width=\"300.00\"                       data-height=\"200.00\"                       data-src=\"https:\/\/www.oelart.de\/\/wp-content\/uploads\/2015\/01\/photo-gallery\/thumb\/DSCF4334.jpg\"                       src=\"https:\/\/www.oelart.de\/wp-content\/plugins\/photo-gallery\/images\/lazy_placeholder.gif\"                       alt=\"Madeira\"                       title=\"Madeira\" \/>                <\/div>                <div class=\"\">                  <div class=\"bwg-title1\"><div class=\"bwg-title2\">Madeira<\/div><\/div>                <\/div>              <\/div>            <\/div>                      <\/a>        <\/div>                <div class=\"bwg-item\">          <a class=\"bwg-a bwg-album bwg_album_0\"             href='\/en\/wp-json\/wp\/v2\/pages\/10767?type_0=gallery&#038;album_gallery_id_0=27'                          data-container_id=\"bwg_album_compact_0\"             data-def_type=\"gallery\"             data-album_gallery_id=\"5\"             data-alb_gal_id=\"27\"             data-title=\"Madeira_2024\"             data-bwg=\"0\">                        <div class=\"bwg-item0 lazy_loader\">              <div class=\"bwg-item1 \">                <div class=\"bwg-item2\">                  <img decoding=\"async\" class=\"skip-lazy  bwg_lazyload \"                       data-width=\"300.00\"                       data-height=\"200.00\"                       data-src=\"https:\/\/www.oelart.de\/\/wp-content\/uploads\/2015\/01\/photo-gallery\/thumb\/Islas_Desertas.jpg\"                       src=\"https:\/\/www.oelart.de\/wp-content\/plugins\/photo-gallery\/images\/lazy_placeholder.gif\"                       alt=\"Madeira_2024\"                       title=\"Madeira_2024\" \/>                <\/div>                <div class=\"\">                  <div class=\"bwg-title1\"><div class=\"bwg-title2\">Madeira_2024<\/div><\/div>                <\/div>              <\/div>            <\/div>                      <\/a>        <\/div>            <\/div>          <input type=\"hidden\" id=\"bwg_album_breadcrumb_0\" name=\"bwg_album_breadcrumb_0\" value='[{&quot;id&quot;:&quot;5&quot;,&quot;page&quot;:1}]' \/>              <\/div>        <\/form>                <div id=\"bwg_spider_popup_loading_0\" class=\"bwg_spider_popup_loading\"><\/div>        <div id=\"spider_popup_overlay_0\" class=\"spider_popup_overlay\" onclick=\"spider_destroypopup(1000)\"><\/div>        <input type=\"hidden\" id=\"bwg_random_seed_0\" value=\"1043802284\">                <\/div>    <\/div>    <script>      if (document.readyState === 'complete') {        if( typeof bwg_main_ready == 'function' ) {          if ( jQuery(\"#bwg_container1_0\").height() ) {            bwg_main_ready(jQuery(\"#bwg_container1_0\"));          }        }      } else {        document.addEventListener('DOMContentLoaded', function() {          if( typeof bwg_main_ready == 'function' ) {            if ( jQuery(\"#bwg_container1_0\").height() ) {             bwg_main_ready(jQuery(\"#bwg_container1_0\"));            }          }        });      }    <\/script>    \n","protected":false},"excerpt":{"rendered":"<p>Portugal und Madeira bieten eine faszinierende Mischung aus Geschichte, Kultur und atemberaubender Natur. In Portugal k\u00f6nnen Sie die historischen St\u00e4dte wie Lissabon und Porto erkunden, die f\u00fcr ihre charmanten Gassen, lebhaften M\u00e4rkte und beeindruckende Architektur bekannt sind. Die Algarve im S\u00fcden lockt mit malerischen Str\u00e4nden und dramatischen K\u00fcstenklippen, perfekt f\u00fcr&#8230;<\/p>\n<p> <a class=\"continue-reading-link\" href=\"https:\/\/www.oelart.de\/en\/portugal\/\"><span>Continue reading<\/span><i class=\"crycon-right-dir\"><\/i><\/a> <\/p>\n","protected":false},"author":1,"featured_media":0,"parent":0,"menu_order":0,"comment_status":"closed","ping_status":"closed","template":"","meta":{"footnotes":""},"class_list":["post-10767","page","type-page","status-publish","hentry"],"translation":{"provider":"WPGlobus","version":"3.0.2","language":"en","enabled_languages":["de","en"],"languages":{"de":{"title":true,"content":true,"excerpt":false},"en":{"title":false,"content":false,"excerpt":false}}},"_links":{"self":[{"href":"https:\/\/www.oelart.de\/en\/wp-json\/wp\/v2\/pages\/10767","targetHints":{"allow":["GET"]}}],"collection":[{"href":"https:\/\/www.oelart.de\/en\/wp-json\/wp\/v2\/pages"}],"about":[{"href":"https:\/\/www.oelart.de\/en\/wp-json\/wp\/v2\/types\/page"}],"author":[{"embeddable":true,"href":"https:\/\/www.oelart.de\/en\/wp-json\/wp\/v2\/users\/1"}],"replies":[{"embeddable":true,"href":"https:\/\/www.oelart.de\/en\/wp-json\/wp\/v2\/comments?post=10767"}],"version-history":[{"count":3,"href":"https:\/\/www.oelart.de\/en\/wp-json\/wp\/v2\/pages\/10767\/revisions"}],"predecessor-version":[{"id":10776,"href":"https:\/\/www.oelart.de\/en\/wp-json\/wp\/v2\/pages\/10767\/revisions\/10776"}],"wp:attachment":[{"href":"https:\/\/www.oelart.de\/en\/wp-json\/wp\/v2\/media?parent=10767"}],"curies":[{"name":"wp","href":"https:\/\/api.w.org\/{rel}","templated":true}]}}