{"id":10725,"date":"2024-11-03T16:20:38","date_gmt":"2024-11-03T15:20:38","guid":{"rendered":"https:\/\/www.oelart.de\/?page_id=10725"},"modified":"2025-01-25T17:25:02","modified_gmt":"2025-01-25T16:25:02","slug":"outdoor","status":"publish","type":"page","link":"https:\/\/www.oelart.de\/en\/outdoor\/","title":{"rendered":"Outdoor"},"content":{"rendered":"<h3>Ich liebe Outdoor-Aktivit\u00e4ten! Motorradtouren sind mein Weg, Freiheit zu sp\u00fcren, w\u00e4hrend ich die Landschaften durchquere. Tauchen \u00f6ffnet mir die T\u00fcr zu einer stillen, faszinierenden Unterwasserwelt, wo ich unvergessliche Begegnungen mit der Natur in Schwerelosigkeit habe. Wandern bringt mich nah in die Natur, sei es durch dichte W\u00e4lder oder \u00fcber karge Berggipfel, und gibt mir die Zeit, die Sch\u00f6nheit der Welt zu genie\u00dfen.<\/h3>\n","protected":false},"excerpt":{"rendered":"<p>Ich liebe Outdoor-Aktivit\u00e4ten! Motorradtouren sind mein Weg, Freiheit zu sp\u00fcren, w\u00e4hrend ich die Landschaften durchquere. Tauchen \u00f6ffnet mir die T\u00fcr zu einer stillen, faszinierenden Unterwasserwelt, wo ich unvergessliche Begegnungen mit der Natur in Schwerelosigkeit habe. Wandern bringt mich nah in die Natur, sei es durch dichte W\u00e4lder oder \u00fcber karge&#8230;<\/p>\n<p> <a class=\"continue-reading-link\" href=\"https:\/\/www.oelart.de\/en\/outdoor\/\"><span>Continue reading<\/span><i class=\"crycon-right-dir\"><\/i><\/a> <\/p>\n","protected":false},"author":1,"featured_media":0,"parent":0,"menu_order":0,"comment_status":"closed","ping_status":"closed","template":"","meta":{"footnotes":""},"class_list":["post-10725","page","type-page","status-publish","hentry"],"translation":{"provider":"WPGlobus","version":"3.0.2","language":"en","enabled_languages":["de","en"],"languages":{"de":{"title":true,"content":true,"excerpt":false},"en":{"title":false,"content":false,"excerpt":false}}},"_links":{"self":[{"href":"https:\/\/www.oelart.de\/en\/wp-json\/wp\/v2\/pages\/10725","targetHints":{"allow":["GET"]}}],"collection":[{"href":"https:\/\/www.oelart.de\/en\/wp-json\/wp\/v2\/pages"}],"about":[{"href":"https:\/\/www.oelart.de\/en\/wp-json\/wp\/v2\/types\/page"}],"author":[{"embeddable":true,"href":"https:\/\/www.oelart.de\/en\/wp-json\/wp\/v2\/users\/1"}],"replies":[{"embeddable":true,"href":"https:\/\/www.oelart.de\/en\/wp-json\/wp\/v2\/comments?post=10725"}],"version-history":[{"count":3,"href":"https:\/\/www.oelart.de\/en\/wp-json\/wp\/v2\/pages\/10725\/revisions"}],"predecessor-version":[{"id":10834,"href":"https:\/\/www.oelart.de\/en\/wp-json\/wp\/v2\/pages\/10725\/revisions\/10834"}],"wp:attachment":[{"href":"https:\/\/www.oelart.de\/en\/wp-json\/wp\/v2\/media?parent=10725"}],"curies":[{"name":"wp","href":"https:\/\/api.w.org\/{rel}","templated":true}]}}