{"id":10497,"date":"2024-11-01T16:23:21","date_gmt":"2024-11-01T15:23:21","guid":{"rendered":"https:\/\/www.oelart.de\/?page_id=10497"},"modified":"2025-01-25T17:12:40","modified_gmt":"2025-01-25T16:12:40","slug":"deutschland","status":"publish","type":"page","link":"https:\/\/www.oelart.de\/en\/deutschland\/","title":{"rendered":"Deutschland"},"content":{"rendered":"    <div id=\"bwg_container1_0\"         class=\"bwg_container bwg_thumbnail bwg_album_extended_preview bwg_thumbnail\"         data-right-click-protection=\"1\"         data-bwg=\"0\"         data-scroll=\"0\"         data-gallery-type=\"album_extended_preview\"         data-gallery-view-type=\"thumbnail\"         data-current-url=\"\/en\/wp-json\/wp\/v2\/pages\/10497\"         data-lightbox-url=\"https:\/\/www.oelart.de\/wp-admin\/admin-ajax.php?action=GalleryBox&#038;current_view=0&#038;gallery_id=0&#038;tag=0&#038;theme_id=3&#038;shortcode_id=159&#038;sort_by=order&#038;order_by=asc&#038;current_url=%2Fen%2Fwp-json%2Fwp%2Fv2%2Fpages%2F10497\"         data-gallery-id=\"0\"         data-popup-width=\"800\"         data-popup-height=\"500\"         data-is-album=\"album\"         data-buttons-position=\"bottom\">      <div id=\"bwg_container2_0\">             <div id=\"ajax_loading_0\" class=\"bwg_loading_div_1\">      <div class=\"bwg_loading_div_2\">        <div class=\"bwg_loading_div_3\">          <div id=\"loading_div_0\" class=\"bwg_spider_ajax_loading\">          <\/div>        <\/div>      <\/div>    <\/div>            <form id=\"gal_front_form_0\"              class=\"bwg-hidden\"              method=\"post\"              action=\"#\"              data-current=\"0\"              data-shortcode-id=\"159\"              data-gallery-type=\"album_extended_preview\"              data-gallery-id=\"0\"              data-tag=\"0\"              data-album-id=\"8\"              data-theme-id=\"3\"              data-ajax-url=\"https:\/\/www.oelart.de\/wp-admin\/admin-ajax.php?action=bwg_frontend_data\">          <div id=\"bwg_container3_0\" class=\"bwg-background bwg-background-0\">                  <span class=\"bwg_nav_cont_0\">              <div class=\"tablenav-pages_0\">                      <span class=\"displaying-num_0\">4  item(s)<\/span>                    <\/div>                <input type=\"hidden\" id=\"page_number_0\" name=\"page_number_0\" value=\"1\" \/>      <script type=\"text\/javascript\">        if( jQuery('.bwg_nav_cont_0').length > 1 ) {          jQuery('.bwg_nav_cont_0').first().remove()        }        function spider_page_0(cur, x, y, load_more) {          if (typeof load_more == \"undefined\") {            var load_more = false;          }          if (jQuery(cur).hasClass('disabled')) {            return false;          }          var items_county_0 = 1;          switch (y) {            case 1:              if (x >= items_county_0) {                document.getElementById('page_number_0').value = items_county_0;              }              else {                document.getElementById('page_number_0').value = x + 1;              }              break;            case 2:              document.getElementById('page_number_0').value = items_county_0;              break;            case -1:              if (x == 1) {                document.getElementById('page_number_0').value = 1;              }              else {                document.getElementById('page_number_0').value = x - 1;              }              break;            case -2:              document.getElementById('page_number_0').value = 1;              break;\t\t\t\t\t\tcase 0:              document.getElementById('page_number_0').value = x;              break;            default:              document.getElementById('page_number_0').value = 1;          }          bwg_ajax('gal_front_form_0', '0', 'bwg_album_extended_0', '8', '', 'album', 0, '', '', load_more, '', 1);        }                    jQuery('.first-page-0').on('click', function () {              spider_page_0(this, 1, -2, 'numeric');              return false;            });            jQuery('.prev-page-0').on('click', function () {              spider_page_0(this, 1, -1, 'numeric');              return false;            });            jQuery('.next-page-0').on('click', function () {              spider_page_0(this, 1, 1, 'numeric');              return false;            });            jQuery('.last-page-0').on('click', function () {              spider_page_0(this, 1, 2, 'numeric');              return false;            });        \t\t\t\t\/* Change page on input enter. *\/        function bwg_change_page_0( e, that ) {          if (  e.key == 'Enter' ) {            var to_page = parseInt(jQuery(that).val());            var pages_count = jQuery(that).parents(\".pagination-links\").data(\"pages-count\");            var current_url_param = jQuery(that).attr('data-url-info');            if (to_page > pages_count) {              to_page = 1;            }\t \t\t\t\t\t\t\t\t\t\t\t\tspider_page_0(this, to_page, 0, 'numeric');\t\t\t\t\t\t\treturn false;\t\t\t\t\t\t          }          return true;        }        jQuery('.bwg_load_btn_0').on('click', function () {            spider_page_0(this, 1, 1, true);            return false;        });      <\/script>      <\/span>            <div data-max-count=\"2\"           data-thumbnail-width=\"357\"           data-global-spacing=\"10px auto\"           data-spacing=\"2\"           data-bwg=\"0\"           id=\"bwg_album_extended_0\"           class=\"bwg-album-extended bwg-border-box bwg-thumbnails bwg-container bwg-container-0 bwg-album-thumbnails bwg_album_extended_thumbnails_0\">                  <div class=\"bwg-extended-item\">            <div class=\"bwg-extended-item0\">              <a class=\"bwg-a bwg-album bwg_album_0\"                href='\/en\/wp-json\/wp\/v2\/pages\/10497?type_0=gallery&#038;album_gallery_id_0=3'                 style=\"font-size: 0;\"                 data-bwg=\"0\"                 data-container_id=\"bwg_album_extended_0\"                 data-alb_gal_id=\"3\"                 data-def_type=\"gallery\"                 data-title=\"R\u00fcgen\">                <div class=\"bwg-item0 bwg_album_thumb_0 lazy_loader\">                  <div class=\"bwg-item1 bwg_album_thumb_spun1_0\">                    <div class=\"bwg-item2\">                      <img decoding=\"async\" class=\"skip-lazy  bwg_lazyload \"                           data-width=\"230.00\"                           data-height=\"300.00\"                           data-src=\"https:\/\/www.oelart.de\/\/wp-content\/uploads\/2015\/01\/photo-gallery\/thumb\/DSCF1582.JPG\"                           src=\"https:\/\/www.oelart.de\/wp-content\/plugins\/photo-gallery\/images\/lazy_placeholder.gif\"                           alt=\"R\u00fcgen\"                           title=\"R\u00fcgen\" \/>                    <\/div>                  <\/div>                <\/div>              <\/a>            <\/div>            <div class=\"bwg-extended-item1\">                              <a class=\"bwg-album bwg_album_0\"                   href='\/en\/wp-json\/wp\/v2\/pages\/10497?type_0=gallery&#038;album_gallery_id_0=3'                   data-bwg=\"0\"                   data-container_id=\"bwg_album_extended_0\"                   data-alb_gal_id=\"3\"                   data-def_type=\"gallery\"                   data-title=\"R\u00fcgen\">                  <span class=\"bwg_title_spun_0\">R\u00fcgen<\/span>                <\/a>                                  <span class=\"bwg_description_spun1_0\">                <span class=\"bwg_description_short_0\">                  <h3>Allerlei Bilder von der Insel R\u00fcgen. Hier bin ich schon sehr oft gewesen, da meine Mutter aus Mecklenburg Vorpommern stammt und ich einen Teil meiner Kindheit in MV verbrachte. R\u00fcgen ist eine Ostseeinsel welche durch einen ca. 2 km breiten Streifen dem Strelasund vom Festland getrennt. Die ber\u00fchmten Kreidefelsen, die bereits Caspar David Friedrich gemalt hat, gelten als Wahrzeichen der Insel.<\/h3>                <\/span>              <\/span>                              <\/div>          <\/div>                    <div class=\"bwg-extended-item\">            <div class=\"bwg-extended-item0\">              <a class=\"bwg-a bwg-album bwg_album_0\"                href='\/en\/wp-json\/wp\/v2\/pages\/10497?type_0=gallery&#038;album_gallery_id_0=5'                 style=\"font-size: 0;\"                 data-bwg=\"0\"                 data-container_id=\"bwg_album_extended_0\"                 data-alb_gal_id=\"5\"                 data-def_type=\"gallery\"                 data-title=\"Schwabnl\u00e4ndle\">                <div class=\"bwg-item0 bwg_album_thumb_0 lazy_loader\">                  <div class=\"bwg-item1 bwg_album_thumb_spun1_0\">                    <div class=\"bwg-item2\">                      <img decoding=\"async\" class=\"skip-lazy  bwg_lazyload \"                           data-width=\"300.00\"                           data-height=\"225.00\"                           data-src=\"https:\/\/www.oelart.de\/\/wp-content\/uploads\/2015\/01\/photo-gallery\/thumb\/20130921_152238.jpg\"                           src=\"https:\/\/www.oelart.de\/wp-content\/plugins\/photo-gallery\/images\/lazy_placeholder.gif\"                           alt=\"Schwabnl\u00e4ndle\"                           title=\"Schwabnl\u00e4ndle\" \/>                    <\/div>                  <\/div>                <\/div>              <\/a>            <\/div>            <div class=\"bwg-extended-item1\">                              <a class=\"bwg-album bwg_album_0\"                   href='\/en\/wp-json\/wp\/v2\/pages\/10497?type_0=gallery&#038;album_gallery_id_0=5'                   data-bwg=\"0\"                   data-container_id=\"bwg_album_extended_0\"                   data-alb_gal_id=\"5\"                   data-def_type=\"gallery\"                   data-title=\"Schwabnl\u00e4ndle\">                  <span class=\"bwg_title_spun_0\">Schwabnl\u00e4ndle<\/span>                <\/a>                                  <span class=\"bwg_description_spun1_0\">                <span class=\"bwg_description_short_0\">                  <h3>Bilder quer durch Baden-W\u00fcrtemberg. Das grosse Bundesland hat einige bekannte Sehenw\u00fcrdigkeiten zu bieten, an denen ich auch noch nicht \u00fcberall sein konnte. Hier gibt es Bilder aus der Gegend Hohen Neuffen, Beuren, Lenningen oder dem Gro\u00dfen Lautertal, Zwiefalten und dem Albvorland.<\/h3>                <\/span>              <\/span>                              <\/div>          <\/div>                    <div class=\"bwg-extended-item\">            <div class=\"bwg-extended-item0\">              <a class=\"bwg-a bwg-album bwg_album_0\"                href='\/en\/wp-json\/wp\/v2\/pages\/10497?type_0=gallery&#038;album_gallery_id_0=16'                 style=\"font-size: 0;\"                 data-bwg=\"0\"                 data-container_id=\"bwg_album_extended_0\"                 data-alb_gal_id=\"16\"                 data-def_type=\"gallery\"                 data-title=\"Beuron\">                <div class=\"bwg-item0 bwg_album_thumb_0 lazy_loader\">                  <div class=\"bwg-item1 bwg_album_thumb_spun1_0\">                    <div class=\"bwg-item2\">                      <img decoding=\"async\" class=\"skip-lazy  bwg_lazyload \"                           data-width=\"300.00\"                           data-height=\"200.00\"                           data-src=\"https:\/\/www.oelart.de\/\/wp-content\/uploads\/2015\/01\/photo-gallery\/Beuron\/thumb\/jaegerhaus_donau.jpg\"                           src=\"https:\/\/www.oelart.de\/wp-content\/plugins\/photo-gallery\/images\/lazy_placeholder.gif\"                           alt=\"Beuron\"                           title=\"Beuron\" \/>                    <\/div>                  <\/div>                <\/div>              <\/a>            <\/div>            <div class=\"bwg-extended-item1\">                              <a class=\"bwg-album bwg_album_0\"                   href='\/en\/wp-json\/wp\/v2\/pages\/10497?type_0=gallery&#038;album_gallery_id_0=16'                   data-bwg=\"0\"                   data-container_id=\"bwg_album_extended_0\"                   data-alb_gal_id=\"16\"                   data-def_type=\"gallery\"                   data-title=\"Beuron\">                  <span class=\"bwg_title_spun_0\">Beuron<\/span>                <\/a>                                  <span class=\"bwg_description_spun1_0\">                <span class=\"bwg_description_short_0\">                  <h3>Beuron ist haupts\u00e4chlich bekannt durch die Benediktiner Erzabtei. Es ist ein barocker Bau mit Klosterkirche, der St.-Maurus-Kapelle und galt fr\u00fcher als Kunstschule. Im jungen Donautal kann man sehr gut wandern mit zahlreichen Aussichtspunkten und Wander- und Fahrradwegen. Bekannt ist der Knopfmacherfelsen, Eichfelsblick, Amalienfels, Burg Wildenstein und Haus der Natur Obere Donau.<\/h3>                <\/span>              <\/span>                              <\/div>          <\/div>                    <div class=\"bwg-extended-item\">            <div class=\"bwg-extended-item0\">              <a class=\"bwg-a bwg-album bwg_album_0\"                href='\/en\/wp-json\/wp\/v2\/pages\/10497?type_0=gallery&#038;album_gallery_id_0=26'                 style=\"font-size: 0;\"                 data-bwg=\"0\"                 data-container_id=\"bwg_album_extended_0\"                 data-alb_gal_id=\"26\"                 data-def_type=\"gallery\"                 data-title=\"Suhl\">                <div class=\"bwg-item0 bwg_album_thumb_0 lazy_loader\">                  <div class=\"bwg-item1 bwg_album_thumb_spun1_0\">                    <div class=\"bwg-item2\">                      <img decoding=\"async\" class=\"skip-lazy  bwg_lazyload \"                           data-width=\"300.00\"                           data-height=\"200.00\"                           data-src=\"https:\/\/www.oelart.de\/\/wp-content\/uploads\/2015\/01\/photo-gallery\/thumb\/Rennsteig_Bergwanderweg.jpg\"                           src=\"https:\/\/www.oelart.de\/wp-content\/plugins\/photo-gallery\/images\/lazy_placeholder.gif\"                           alt=\"Suhl\"                           title=\"Suhl\" \/>                    <\/div>                  <\/div>                <\/div>              <\/a>            <\/div>            <div class=\"bwg-extended-item1\">                              <a class=\"bwg-album bwg_album_0\"                   href='\/en\/wp-json\/wp\/v2\/pages\/10497?type_0=gallery&#038;album_gallery_id_0=26'                   data-bwg=\"0\"                   data-container_id=\"bwg_album_extended_0\"                   data-alb_gal_id=\"26\"                   data-def_type=\"gallery\"                   data-title=\"Suhl\">                  <span class=\"bwg_title_spun_0\">Suhl<\/span>                <\/a>                                  <span class=\"bwg_description_spun1_0\">                <span class=\"bwg_description_short_0\">                  <h3>Suhl, in Th\u00fcringen gelegen, ist bekannt als \"Waffenstadt\" wegen seiner historischen Waffenschmiedekunst. Die Stadt am Th\u00fcringer Wald bietet Wintersportm\u00f6glichkeiten, Natur und Industriegeschichte. Der Rennsteig und der Gro\u00dfe Beerberg sind nahe, w\u00e4hrend Suhls modernere Seite durch Architektur aus DDR-Zeiten gepr\u00e4gt ist.<\/h3>                <\/span>              <\/span>                              <\/div>          <\/div>                <\/div>          <input type=\"hidden\" id=\"bwg_album_breadcrumb_0\" name=\"bwg_album_breadcrumb_0\" value='[{&quot;id&quot;:&quot;8&quot;,&quot;page&quot;:1}]' \/>              <\/div>        <\/form>                <div id=\"bwg_spider_popup_loading_0\" class=\"bwg_spider_popup_loading\"><\/div>        <div id=\"spider_popup_overlay_0\" class=\"spider_popup_overlay\" onclick=\"spider_destroypopup(1000)\"><\/div>        <input type=\"hidden\" id=\"bwg_random_seed_0\" value=\"83387281\">                <\/div>    <\/div>    <script>      if (document.readyState === 'complete') {        if( typeof bwg_main_ready == 'function' ) {          if ( jQuery(\"#bwg_container1_0\").height() ) {            bwg_main_ready(jQuery(\"#bwg_container1_0\"));          }        }      } else {        document.addEventListener('DOMContentLoaded', function() {          if( typeof bwg_main_ready == 'function' ) {            if ( jQuery(\"#bwg_container1_0\").height() ) {             bwg_main_ready(jQuery(\"#bwg_container1_0\"));            }          }        });      }    <\/script>    \n","protected":false},"excerpt":{"rendered":"<p> <a class=\"continue-reading-link\" href=\"https:\/\/www.oelart.de\/en\/deutschland\/\"><span>Continue reading<\/span><i class=\"crycon-right-dir\"><\/i><\/a> <\/p>\n","protected":false},"author":1,"featured_media":0,"parent":0,"menu_order":0,"comment_status":"closed","ping_status":"closed","template":"templates\/template-onecolumn.php","meta":{"footnotes":""},"class_list":["post-10497","page","type-page","status-publish","hentry"],"translation":{"provider":"WPGlobus","version":"3.0.2","language":"en","enabled_languages":["de","en"],"languages":{"de":{"title":true,"content":true,"excerpt":false},"en":{"title":false,"content":false,"excerpt":false}}},"_links":{"self":[{"href":"https:\/\/www.oelart.de\/en\/wp-json\/wp\/v2\/pages\/10497","targetHints":{"allow":["GET"]}}],"collection":[{"href":"https:\/\/www.oelart.de\/en\/wp-json\/wp\/v2\/pages"}],"about":[{"href":"https:\/\/www.oelart.de\/en\/wp-json\/wp\/v2\/types\/page"}],"author":[{"embeddable":true,"href":"https:\/\/www.oelart.de\/en\/wp-json\/wp\/v2\/users\/1"}],"replies":[{"embeddable":true,"href":"https:\/\/www.oelart.de\/en\/wp-json\/wp\/v2\/comments?post=10497"}],"version-history":[{"count":6,"href":"https:\/\/www.oelart.de\/en\/wp-json\/wp\/v2\/pages\/10497\/revisions"}],"predecessor-version":[{"id":10816,"href":"https:\/\/www.oelart.de\/en\/wp-json\/wp\/v2\/pages\/10497\/revisions\/10816"}],"wp:attachment":[{"href":"https:\/\/www.oelart.de\/en\/wp-json\/wp\/v2\/media?parent=10497"}],"curies":[{"name":"wp","href":"https:\/\/api.w.org\/{rel}","templated":true}]}}